{"id":5013,"date":"2014-09-22T08:13:46","date_gmt":"2014-09-22T12:13:46","guid":{"rendered":"http:\/\/www.webperformance.com\/load-testing-tools\/blog\/?page_id=5013"},"modified":"2014-12-29T14:14:02","modified_gmt":"2014-12-29T18:14:02","slug":"supported-browsers-real-fr","status":"publish","type":"page","link":"https:\/\/www.webperformance.com\/load-testing-tools\/blog\/real-browser-manual-fr\/compatibility-and-faqs-fr\/supported-browsers-real-fr\/","title":{"rendered":"Navigateurs Support\u00e9s (vrais navigateurs)"},"content":{"rendered":"<p>Web Performance Tester supporte l&#8217;enregistrement avec Chrome.\u00a0Le rejeu de cas-tests est support\u00e9 dans Chrome, Firefox et Internet Explorer. Le test de charge est uniquement support\u00e9 avec Chrome.<\/p>\n<p>Pour plus de d\u00e9tails :<\/p>\n<h2>Chrome<\/h2>\n<p>Load Tester\u00a0supporte le navigateur\u00a0Chrome pour toutes les op\u00e9rations :<\/p>\n<ul>\n<li>Enregistrement (Windows, OSX)<\/li>\n<li>Rejeu (Windows, OSX)<\/li>\n<li>Tests de Charge (Windows, moteurs de charge bas\u00e9s sur Windows, moteurs cloud)<\/li>\n<\/ul>\n<p>Versions : Les trois versions les plus r\u00e9centes \u00e0 la date de mise \u00e0 disposition de Web Performance Tester.<\/p>\n<p>Nos moteurs cloud ont \u00e9t\u00e9 r\u00e9gl\u00e9s avec soin\u00a0pour ex\u00e9cuter Chrome aussi pr\u00e9cis\u00e9ment que possible sur les Serveurs Windows dans le cloud.<\/p>\n<h2>Firefox<\/h2>\n<p>Support\u00e9 pour le Rejeu de cas-tests (QA Tester) sur Windows et OSX. Nous n&#8217;avons pas d&#8217;extension\/plugin d&#8217;enregistrement pour Firefox, aussi l&#8217;enregistrement doit toujours \u00eatre effectu\u00e9 avec Chrome.<\/p>\n<p>Versions :\u00a0La version la plus r\u00e9cente\u00a0\u00e0 la date de mise \u00e0 disposition de Web Performance Tester.<\/p>\n<p>Test de Charge : pas officiellement support\u00e9. Toutefois, une exp\u00e9rience limit\u00e9e de test avec Firefox a \u00e9t\u00e9 positive. Il est possible de faire un test de charge avec Firefox en ajoutant cette ligne au fichier system.properties dans votre espace de travail de Web Performance\u00a0:<\/p>\n<pre>EnableAllRealBrowsers=true<\/pre>\n<p>Nous ne pouvons donner de garantie quant au bon fonctionnement ou \u00e0 la pr\u00e9cision des moteurs sous conditions de test de charge, mais nous pouvons vous apporter du support dans ce contexte.<\/p>\n<h2>Internet Explorer<\/h2>\n<p>Support\u00e9 pour le Rejeu de cas-tests (QA Tester) sur Windows et OSX. Nous n&#8217;avons pas d&#8217;extension\/plugin d&#8217;enregistrement pour Internet Explorer, aussi l&#8217;enregistrement doit toujours \u00eatre effectu\u00e9 avec Chrome.<\/p>\n<p>Versions :\u00a0La version la plus r\u00e9cente\u00a0pour la plate-forme (IE 11\u00a0sur Windows 7 et 8, IE 9 sur Vista).<\/p>\n<p>Test de charge\u00a0: non support\u00e9. IE ne supporte pas les configurations qui lui permettraient d\u2019ex\u00e9cuter plusieurs utilisateurs diff\u00e9rents sous un seul et m\u00eame compte utilisateur. Pour configurer un environnement en mesure de tester pr\u00e9cis\u00e9ment avec IE, vous devez param\u00e9trer plusieurs comptes utilisateurs sur chaque moteur. Nos moteurs cloud ne sont pas (encore) pr\u00eats pour cela. Toutefois, si vous souhaitez poursuivre dans cette voie dans votre laboratoire de test, nous pouvons vous montrer comment configurer Load Tester pour utiliser un compte utilisateur diff\u00e9rent pour chaque utilisateur virtuel. Nous ne pouvons donner de garantie quant au bon fonctionnement ou \u00e0 la pr\u00e9cision des moteurs sous conditions de test de charge, mais nous pouvons vous apporter du support dans ce contexte. N&#8217;h\u00e9sitez pas \u00e0 <a href=\"https:\/\/www.webperformance.com\/sales\/contact.html\">nous contacter<\/a>.<\/p>\n","protected":false},"excerpt":{"rendered":"<p>Web Performance Tester supporte l&#8217;enregistrement avec Chrome.\u00a0Le rejeu de cas-tests est support\u00e9 dans Chrome, Firefox et Internet Explorer. Le test de charge est uniquement support\u00e9 avec Chrome.<br \/>\nPour plus de d\u00e9tails :<br \/>\nChrome<br \/>\nLoad Tester\u00a0supporte le navigateur\u00a0Chrome pour toutes les op\u00e9rations :<\/p>\n<p>Enregistrement (Windows, OSX)<br \/>\nRejeu (Windows, OSX)<br \/>\nTests de Charge (Windows, moteurs de charge bas\u00e9s sur Windows, moteurs cloud)<\/p>\n<p>Versions : Les trois versions les plus r\u00e9centes \u00e0 la date de mise \u00e0 disposition de Web Performance Tester.<br \/>\nNos moteurs cloud ont \u00e9t\u00e9 r\u00e9gl\u00e9s avec soin\u00a0pour ex\u00e9cuter Chrome aussi pr\u00e9cis\u00e9ment que possible sur les Serveurs Windows dans le cloud.<br \/>\nFirefox<br \/>\nSupport\u00e9 pour le Rejeu de cas-tests (QA Tester) sur &hellip; <a href=\"https:\/\/www.webperformance.com\/load-testing-tools\/blog\/real-browser-manual-fr\/compatibility-and-faqs-fr\/supported-browsers-real-fr\/\">Continue reading &raquo;<\/a><\/p>\n","protected":false},"author":2,"featured_media":0,"parent":5042,"menu_order":1,"comment_status":"open","ping_status":"closed","template":"manual-page.php","meta":{"footnotes":""},"class_list":["post-5013","page","type-page","status-publish","hentry"],"_links":{"self":[{"href":"https:\/\/www.webperformance.com\/load-testing-tools\/blog\/wp-json\/wp\/v2\/pages\/5013","targetHints":{"allow":["GET"]}}],"collection":[{"href":"https:\/\/www.webperformance.com\/load-testing-tools\/blog\/wp-json\/wp\/v2\/pages"}],"about":[{"href":"https:\/\/www.webperformance.com\/load-testing-tools\/blog\/wp-json\/wp\/v2\/types\/page"}],"author":[{"embeddable":true,"href":"https:\/\/www.webperformance.com\/load-testing-tools\/blog\/wp-json\/wp\/v2\/users\/2"}],"replies":[{"embeddable":true,"href":"https:\/\/www.webperformance.com\/load-testing-tools\/blog\/wp-json\/wp\/v2\/comments?post=5013"}],"version-history":[{"count":6,"href":"https:\/\/www.webperformance.com\/load-testing-tools\/blog\/wp-json\/wp\/v2\/pages\/5013\/revisions"}],"predecessor-version":[{"id":5041,"href":"https:\/\/www.webperformance.com\/load-testing-tools\/blog\/wp-json\/wp\/v2\/pages\/5013\/revisions\/5041"}],"up":[{"embeddable":true,"href":"https:\/\/www.webperformance.com\/load-testing-tools\/blog\/wp-json\/wp\/v2\/pages\/5042"}],"wp:attachment":[{"href":"https:\/\/www.webperformance.com\/load-testing-tools\/blog\/wp-json\/wp\/v2\/media?parent=5013"}],"curies":[{"name":"wp","href":"https:\/\/api.w.org\/{rel}","templated":true}]}}